{"id":21676,"date":"2015-03-26T10:37:55","date_gmt":"2015-03-26T10:37:55","guid":{"rendered":"http:\/\/blueowlcreative.com\/wp\/fortuna_export\/?page_id=21676"},"modified":"2021-08-28T12:30:54","modified_gmt":"2021-08-28T12:30:54","slug":"o-nama","status":"publish","type":"page","link":"https:\/\/dentistcroatia.info\/hrv\/o-nama\/","title":{"rendered":"O nama"},"content":{"rendered":"<p>[vc_row bg_type=&#8221;grad&#8221; bg_override=&#8221;full&#8221; parallax_content=&#8221;parallax_content_value&#8221; parallax_content_sense=&#8221;50&#8243; fadeout_row=&#8221;off&#8221; enable_overlay=&#8221;off&#8221; bg_grad=&#8221;background: -webkit-gradient(linear, left top, left bottom, color-stop(0%, #595552), color-stop(100%, #D9D9D8));background: -moz-linear-gradient(145deg,#595552 0%,#D9D9D8 100%);background: -webkit-linear-gradient(145deg,#595552 0%,#D9D9D8 100%);background: -o-linear-gradient(145deg,#595552 0%,#D9D9D8 100%);background: -ms-linear-gradient(145deg,#595552 0%,#D9D9D8 100%);background: linear-gradient(145deg,#595552 0%,#D9D9D8 100%);&#8221; css=&#8221;.vc_custom_1554121047035{padding-top: 210px !important;padding-bottom: 90px !important;}&#8221;][vc_column]<h1 class=\"boc_heading no_text_transform center  \"  style=\"margin-bottom: 8px;margin-top: 0px;color: #ffffff;font-size: 52px;\"><span>O nama<\/span><\/h1><div class=\"boc_divider_holder\"><div class=\"boc_divider  \"  style=\"margin-top: 12px;margin-bottom: 20px;width: 100px;margin-left: auto; margin-right: auto;height: 1px;background: rgba(255,255,255,0.2);\"><\/div><\/div><h2 class=\"boc_heading  center  boc_subheading \"  style=\"margin-bottom: 20px;margin-top: 6px;color: rgba(255,255,255,0.8);font-size: 24px;\"><span>2021-te slavimo 30 godina rada.<\/span><\/h2>[vc_raw_js]JTNDc2NyaXB0JTIwdHlwZSUzRCUyMnRleHQlMkZqYXZhc2NyaXB0JTIyJTNFJTBBalF1ZXJ5JTI4ZnVuY3Rpb24lMjglMjQlMjklMjAlN0IlMEElMjAlMjBqUXVlcnklMjglMjIuY3VzdG9tX21lbnVfNCUyMiUyOS5hZGRDbGFzcyUyOCUyMmN1c3RvbV9tZW51XzMlMjIlMjkucmVtb3ZlQ2xhc3MlMjglMjJjdXN0b21fbWVudV80JTIyJTI5JTNCJTBBJTIwJTIwalF1ZXJ5JTI4JTIyLmhlYWRlcl9jYXJ0JTIyJTI5LmFkZENsYXNzJTI4JTIyc3R5bGVfbGlnaHQlMjIlMjkucmVtb3ZlQ2xhc3MlMjglMjJzdHlsZV9kYXJrJTIyJTI5JTNCJTBBJTBBJTBBJTIwJTIwalF1ZXJ5JTI4JTIyLnRyYW5zcGFyZW50X2xvZ29fZmxpcCUyMiUyOS5hZGRDbGFzcyUyOCUyMnRyYW5zcGFyZW50X2xvZ29fZmFkZSUyMiUyOS5yZW1vdmVDbGFzcyUyOCUyMnRyYW5zcGFyZW50X2xvZ29fZmxpcCUyMiUyOSUzQiUwQSUwQSUyMCUyMGpRdWVyeSUyOCUyMi5zdWJfZmFkZV9pbiUyMiUyOS5hZGRDbGFzcyUyOCUyMnN1Yl9mYWRlX2Zyb21fYnRtJTIyJTI5LnJlbW92ZUNsYXNzJTI4JTIyc3ViX2ZhZGVfaW4lMjIlMjklM0IlMEElN0QlMjklM0IlMjAlMEElMEElMEElM0MlMkZzY3JpcHQlM0U=[\/vc_raw_js][\/vc_column][\/vc_row][vc_row css=&#8221;.vc_custom_1427377115820{margin-bottom: 0px !important;}&#8221;][vc_column width=&#8221;1\/2&#8243; css=&#8221;.vc_custom_1427377437484{padding-top: 60px !important;padding-bottom: 0px !important;}&#8221;][vc_single_image image=&#8221;24115&#8243;][\/vc_column][vc_column width=&#8221;1\/2&#8243; css=&#8221;.vc_custom_1426343275144{padding-top: 140px !important;padding-right: 20px !important;padding-bottom: 80px !important;padding-left: 40px !important;}&#8221;]<h1 class=\"boc_heading no_text_transform letter_spacing_negative al_left  \"  style=\"margin-bottom: 8px;margin-top: 0px;color: #333333;font-size: 33px;\"><span>Davor Tarle, dr.med.dent., diplomirao je Stomatolo\u0161kom fakultetu Sveu\u010dili\u0161ta u Zagrebu 1992. godine. <\/span><\/h1><h3 class=\"boc_heading  al_left  boc_subheading \"  style=\"margin-bottom: 20px;margin-top: 0px;color: #adadad;font-size: 19px;\"><span>Posve\u0107en izvrsnosti<\/span><\/h3><div class=\"boc_divider_holder\"><div class=\"boc_divider  \"  style=\"margin-top: 22px;margin-bottom: 22px;width: 100px;height: 1px;background: #eeeeee;\"><\/div><\/div>[vc_column_text]Nakon zavr\u0161enog fakulteta, radio je na Zavodu za ortodonciju Stomatolo\u0161kog fakulteta u Zagrebu, a 1995. godine otvara privatnu stomatolo\u0161ku ordinaciju za estetsku stomatologiju.[\/vc_column_text]<div class=\"boc_spacing \" style=\"height: 20px\"><\/div><a\thref=\"https:\/\/dentistcroatia.info\/hrv\/usluge\/\" \n\t\t\t\tclass=\"button btn_medium btn_theme_color btn_rounded btn_normal_style icon_pos_after btn_icon_anim_out  side_bounce_icon\"  target='_self'><span>Usluge<\/span> <i class='icon icon-arrow-right6'><\/i> <\/a>[vc_row_inner][vc_column_inner width=&#8221;1\/2&#8243;][vc_single_image image=&#8221;24109&#8243;][\/vc_column_inner][vc_column_inner width=&#8221;1\/2&#8243;][vc_single_image image=&#8221;24111&#8243;][\/vc_column_inner][\/vc_row_inner][\/vc_column][\/vc_row][vc_row][vc_column]<div class=\"boc_divider_holder\"><div class=\"boc_divider  \"  style=\"margin-top: 20px;margin-bottom: 20px;height: 1px;background: #000000;\"><\/div><\/div>[vc_column_text]Od samih po\u010detaka osnovni postulat na\u0161e ordinacije je individualnim pristupom, stru\u010dno\u0161\u0107u, razgovorom i ljubazno\u0161\u0107u omogu\u0107iti pacijentu da se osje\u0107a ugodno i da sve stomatolo\u0161ke usluge dobije na jednom mjestu.<\/p>\n<p>Ordinacija posjeduje najsuvremeniju opremu i materijale iz svih grana stomatologije.<\/p>\n<p>Zahvaljuju\u0107i bogatom usavr\u0161avanju u zemlji i inozemstvu kao i dugogodi\u0161njem iskustvu u radu, spremni smo rije\u0161iti Va\u0161 problem na individualan i kompetentan na\u010din posve\u0107uju\u0107i svakom pacijentu dostatno vremena kako bi se rije\u0161ile sve nedoumice i ponudio optimalan plan terapije.[\/vc_column_text]<div class=\"boc_divider_holder\"><div class=\"boc_divider  \"  style=\"margin-top: 20px;margin-bottom: 20px;height: 1px;background: #000000;\"><\/div><\/div>[\/vc_column][\/vc_row][vc_row full_width=&#8221;stretch_row&#8221; bg_type=&#8221;image&#8221; bg_image_new=&#8221;23861&#8243; bg_override=&#8221;ex-full&#8221; parallax_content=&#8221;off&#8221; fadeout_row=&#8221;off&#8221; enable_overlay=&#8221;off&#8221; css=&#8221;.vc_custom_1554056321472{padding-top: 180px !important;padding-bottom: 150px !important;}&#8221; el_class=&#8221;center&#8221;][vc_column]<h2 class=\"boc_heading no_text_transform center  boc_animate_when_almost_visible boc_top-to-bottom\"  style=\"margin-bottom: 20px;margin-top: 0px;color: #f7f7f7;font-size: 52px;\"><span> <strong>Raznovrstan set usluga<\/strong> <\/span><\/h2><div class=\"boc_divider_holder\"><div class=\"boc_divider  boc_animate_when_almost_visible boc_fade-in\"  style=\"margin-top: 0px;margin-bottom: 20px;width: 100px;margin-left: auto; margin-right: auto;height: 1px;background: rgba(255,255,255,0.2);\"><\/div><\/div><h2 class=\"boc_heading  center  boc_subheading boc_animate_when_almost_visible boc_top-to-bottom\"  style=\"margin-bottom: 20px;margin-top: 6px;color: rgba(0,0,0,0.8);font-size: 21px;\"><span>\u2013 Estetska restorativna stomatologija \u2013 Implantologija i oralna kirurgija \u2013 Protetika \u2013 Ortodoncija \u2013 Endodoncija \u2013 Parodontologija \u2013 Izbjeljivanje \u2013 Profilaksa \u2013 Dje\u010dja stomatologija \u2013 Suvremeni dijagnosti\u010dki postupci \u2013 digitalni rentgen (RVG)<\/span><\/h2><div class=\"boc_spacing \" style=\"height: 60px\"><\/div><a\thref=\"https:\/\/dentistcroatia.info\/hrv\/usluge\/\" \n\t\t\t\tclass=\"button btn_medium btn_theme_color btn_rounded btn_normal_style icon_pos_after btn_icon_anim_out boc_animate_when_almost_visible boc_left-to-right side_bounce_icon\"  target='_self'><span>Usluge<\/span> <i class='icon icon-arrow-right6'><\/i> <\/a><a\thref=\"https:\/\/dentistcroatia.info\/hrv\/kontakt\/\" \n\t\t\t\tclass=\"button btn_medium_stretched btn_white btn_rounded btn_normal_style   boc_animate_when_almost_visible boc_right-to-left btn_push_right\"  target='_self'><span>Kontakt<\/span><\/a>[\/vc_column][\/vc_row][vc_row][vc_column]<div class=\"boc_spacing \" style=\"height: 20px\"><\/div>[\/vc_column][\/vc_row][vc_row css=&#8221;.vc_custom_1427377115820{margin-bottom: 0px !important;}&#8221;][vc_column width=&#8221;1\/2&#8243; css=&#8221;.vc_custom_1427377437484{padding-top: 60px !important;padding-bottom: 0px !important;}&#8221;]<h1 class=\"boc_heading no_text_transform letter_spacing_negative al_left  \"  style=\"margin-bottom: 8px;margin-top: 0px;color: #333333;font-size: 33px;\"><span>Intervju-interview HRT<\/span><\/h1><div class=\"boc_divider_holder\"><div class=\"boc_divider  \"  style=\"margin-top: 22px;margin-bottom: 22px;width: 100px;height: 1px;background: #eeeeee;\"><\/div><\/div>[vc_column_text]Davor Tarle, dr.med.dent., diplomirao je Stomatolo\u0161kom fakultetu Sveu\u010dili\u0161ta u Zagrebu 1992. godine. Nakon zavr\u0161enog fakulteta, radio je na Zavodu za ortodonciju Stomatolo\u0161kog fakulteta u Zagrebu, a 1995. godine otvara privatnu stomatolo\u0161ku ordinaciju za estetsku stomatologiju.[\/vc_column_text]<h3 class=\"boc_heading  al_left  boc_subheading \"  style=\"margin-bottom: 20px;margin-top: 0px;color: #adadad;font-size: 19px;\"><span>Posve\u0107en izvrsnosti<\/span><\/h3><div class=\"boc_spacing \" style=\"height: 20px\"><\/div><a\thref=\"https:\/\/dentistcroatia.info\/hrv\/usluge\/\" \n\t\t\t\tclass=\"button btn_medium btn_theme_color btn_rounded btn_normal_style icon_pos_after btn_icon_anim_out  side_bounce_icon\"  target='_self'><span>Usluge<\/span> <i class='icon icon-arrow-right6'><\/i> <\/a>[\/vc_column][vc_column width=&#8221;1\/2&#8243; css=&#8221;.vc_custom_1426343275144{padding-top: 140px !important;padding-right: 20px !important;padding-bottom: 80px !important;padding-left: 40px !important;}&#8221;][vc_video link=&#8221;https:\/\/vimeo.com\/81886920&#8243; el_aspect=&#8221;43&#8243;][\/vc_column][\/vc_row][vc_row full_width=&#8221;stretch_row&#8221; enable_overlay=&#8221;off&#8221; el_class=&#8221;white_text&#8221; css=&#8221;.vc_custom_1554121103559{margin-top: 60px !important;margin-bottom: 0px !important;padding-top: 20px !important;padding-bottom: 24px !important;background-color: #595552 !important;}&#8221;][vc_column]<div class=\"text_box  box_no_bgr \"><div class=\"text_box_content with_button\"><h2>REZERVIRAJTE TERMIN<\/h2>\r\n\t\t\t\t\t<p>Ordinacija posjeduje najsuvremeniju opremu i materijale iz svih grana stomatologije. Bogato usavr\u0161avanje u zemlji i inozemstvu<\/p>\r\n\t\t\t\t<\/div><div class=\"btn_holder\"><a\thref=\"https:\/\/dentistcroatia.info\/hrv\/kontakt\/\" \r\n\t\t\t\t\tclass=\"button  btn_medium_stretched btn_white btn_rounded btn_outline icon_pos_after \"  target='_self'><span>KONTAKT<\/span> <i class='icon icon icon-angle-right2'><\/i> <\/a><\/div><\/div>[\/vc_column][\/vc_row]<\/p>\n","protected":false},"excerpt":{"rendered":"<p>[vc_row bg_type=&#8221;grad&#8221; bg_override=&#8221;full&#8221; parallax_content=&#8221;parallax_content_value&#8221; parallax_content_sense=&#8221;50&#8243; fadeout_row=&#8221;off&#8221; enable_overlay=&#8221;off&#8221; bg_grad=&#8221;background: -webkit-gradient(linear, left top, left bottom, color-stop(0%, #595552), color-stop(100%, #D9D9D8));background: -moz-linear-gradient(145deg,#595552 0%,#D9D9D8 100%);background: -webkit-linear-gradient(145deg,#595552 0%,#D9D9D8 100%);background: -o-linear-gradient(145deg,#595552 0%,#D9D9D8 100%);background: -ms-linear-gradient(145deg,#595552 0%,#D9D9D8 100%);background: linear-gradient(145deg,#595552 0%,#D9D9D8 100%);&#8221; css=&#8221;.vc_custom_1554121047035{padding-top: 210px !important;padding-bottom: 90px !important;}&#8221;][vc_column][vc_raw_js]JTNDc2NyaXB0JTIwdHlwZSUzRCUyMnRleHQlMkZqYXZhc2NyaXB0JTIyJTNFJTBBalF1ZXJ5JTI4ZnVuY3Rpb24lMjglMjQlMjklMjAlN0IlMEElMjAlMjBqUXVlcnklMjglMjIuY3VzdG9tX21lbnVfNCUyMiUyOS5hZGRDbGFzcyUyOCUyMmN1c3RvbV9tZW51XzMlMjIlMjkucmVtb3ZlQ2xhc3MlMjglMjJjdXN0b21fbWVudV80JTIyJTI5JTNCJTBBJTIwJTIwalF1ZXJ5JTI4JTIyLmhlYWRlcl9jYXJ0JTIyJTI5LmFkZENsYXNzJTI4JTIyc3R5bGVfbGlnaHQlMjIlMjkucmVtb3ZlQ2xhc3MlMjglMjJzdHlsZV9kYXJrJTIyJTI5JTNCJTBBJTBBJTBBJTIwJTIwalF1ZXJ5JTI4JTIyLnRyYW5zcGFyZW50X2xvZ29fZmxpcCUyMiUyOS5hZGRDbGFzcyUyOCUyMnRyYW5zcGFyZW50X2xvZ29fZmFkZSUyMiUyOS5yZW1vdmVDbGFzcyUyOCUyMnRyYW5zcGFyZW50X2xvZ29fZmxpcCUyMiUyOSUzQiUwQSUwQSUyMCUyMGpRdWVyeSUyOCUyMi5zdWJfZmFkZV9pbiUyMiUyOS5hZGRDbGFzcyUyOCUyMnN1Yl9mYWRlX2Zyb21fYnRtJTIyJTI5LnJlbW92ZUNsYXNzJTI4JTIyc3ViX2ZhZGVfaW4lMjIlMjklM0IlMEElN0QlMjklM0IlMjAlMEElMEElMEElM0MlMkZzY3JpcHQlM0U=[\/vc_raw_js][\/vc_column][\/vc_row][vc_row css=&#8221;.vc_custom_1427377115820{margin-bottom: 0px !important;}&#8221;][vc_column width=&#8221;1\/2&#8243; css=&#8221;.vc_custom_1427377437484{padding-top: 60px !important;padding-bottom: 0px !important;}&#8221;][vc_single_image image=&#8221;24115&#8243;][\/vc_column][vc_column width=&#8221;1\/2&#8243; css=&#8221;.vc_custom_1426343275144{padding-top: 140px !important;padding-right: 20px !important;padding-bottom: 80px !important;padding-left: 40px !important;}&#8221;][vc_column_text]Nakon zavr\u0161enog fakulteta, radio<\/p>\n<div class=\"h10\"><\/div>\n<p><a class=\"more-link1\" href=\"https:\/\/dentistcroatia.info\/hrv\/o-nama\/\">Read more<\/a><\/p>\n","protected":false},"author":1,"featured_media":0,"parent":0,"menu_order":0,"comment_status":"closed","ping_status":"closed","template":"","meta":[],"_links":{"self":[{"href":"https:\/\/dentistcroatia.info\/hrv\/wp-json\/wp\/v2\/pages\/21676"}],"collection":[{"href":"https:\/\/dentistcroatia.info\/hrv\/wp-json\/wp\/v2\/pages"}],"about":[{"href":"https:\/\/dentistcroatia.info\/hrv\/wp-json\/wp\/v2\/types\/page"}],"author":[{"embeddable":true,"href":"https:\/\/dentistcroatia.info\/hrv\/wp-json\/wp\/v2\/users\/1"}],"replies":[{"embeddable":true,"href":"https:\/\/dentistcroatia.info\/hrv\/wp-json\/wp\/v2\/comments?post=21676"}],"version-history":[{"count":9,"href":"https:\/\/dentistcroatia.info\/hrv\/wp-json\/wp\/v2\/pages\/21676\/revisions"}],"predecessor-version":[{"id":24345,"href":"https:\/\/dentistcroatia.info\/hrv\/wp-json\/wp\/v2\/pages\/21676\/revisions\/24345"}],"wp:attachment":[{"href":"https:\/\/dentistcroatia.info\/hrv\/wp-json\/wp\/v2\/media?parent=21676"}],"curies":[{"name":"wp","href":"https:\/\/api.w.org\/{rel}","templated":true}]}}