{"id":22586,"date":"2015-05-14T07:55:51","date_gmt":"2015-05-14T07:55:51","guid":{"rendered":"http:\/\/blueowlcreative.com\/wp\/fortuna_export\/?page_id=22586"},"modified":"2019-12-13T14:33:46","modified_gmt":"2019-12-13T14:33:46","slug":"kontakt","status":"publish","type":"page","link":"https:\/\/dentistcroatia.info\/hrv\/kontakt\/","title":{"rendered":"Kontakt"},"content":{"rendered":"<p>[vc_row][vc_column width=&#8221;1\/2&#8243;]<div class=\"boc_spacing \" style=\"height: 50px\"><\/div><h1 class=\"boc_heading  al_left  \"  style=\"margin-bottom: 20px;margin-top: 0px;color: #ffffff;\"><span><strong>Kontakt Info<\/strong><\/span><\/h1>[vc_column_text]<\/p>\n<p style=\"text-align: left;\"><span style=\"color: #000000;\">Davor Tarle, dr.med.dent., ordinacija dentalne medicine,<\/span><br \/>\n<span style=\"color: #000000;\">Nova Cesta 26 (Dom sportova) 10 000 Zagreb HR<\/span><br \/>\n<span style=\"color: #000000;\"><strong>tel.:<\/strong> +385 1 36 46 294 , +385 1 36 46 291,<\/span><br \/>\n<span style=\"color: #000000;\"><strong>mobile:<\/strong> +385 98 234 563<\/span><br \/>\n<span style=\"color: #000000;\"><strong>Lokacija:<\/strong><\/span> <a href=\"http:\/\/maps.google.com\/maps?f=q&amp;source=s_q&amp;hl=en&amp;geocode=&amp;q=Nova+cesta+26,+Zagreb,+Hrvatska&amp;sll=37.0625,-95.677068&amp;sspn=50.823846,114.169922&amp;ie=UTF8&amp;hq=&amp;hnear=Nova+cesta+26,+Zagreb,+Croatia&amp;z=16\" target=\"_blank\" rel=\"noopener noreferrer\">Na\u0161a lokacija na Google mapama<\/a><\/p>\n<p style=\"text-align: left;\"><strong>Email:\u00a0<a href=\"mailto:ordinacija.tarle@gmail.com\">ordinacija.tarle@gmail.com<\/a><\/strong><\/p>\n<p>[\/vc_column_text][\/vc_column][vc_column width=&#8221;1\/2&#8243;]<div class=\"boc_spacing \" style=\"height: 50px\"><\/div>[vc_gmaps link=&#8221;#E-8_JTNDaWZyYW1lJTIwc3JjJTNEJTIyaHR0cHMlM0ElMkYlMkZ3d3cuZ29vZ2xlLmNvbSUyRm1hcHMlMkZlbWJlZCUzRnBiJTNEJTIxMW0xNCUyMTFtOCUyMTFtMyUyMTFkMjIyNDkuODkyMzAxMjczNzMyJTIxMmQxNS45NTQxMzYlMjEzZDQ1LjgwNjUyMSUyMTNtMiUyMTFpMTAyNCUyMTJpNzY4JTIxNGYxMy4xJTIxM20zJTIxMW0yJTIxMXMweDQ3NjVkNmMyOWVhYTNhNGQlMjUzQTB4ZTY0ODk1NzIwM2QzNTgxNiUyMTJzTm92YSUyQmNlc3RhJTJCMjYlMjUyQyUyQjEwMDAwJTI1MkMlMkJaYWdyZWIlMjE1ZTAlMjEzbTIlMjExc2VuJTIxMnNociUyMTR2MTU1Mzg2OTI4ODA0MCUyMTVtMiUyMTFzZW4lMjEyc2hyJTIyJTIwd2lkdGglM0QlMjI1MDAlMjIlMjBoZWlnaHQlM0QlMjI1MDAlMjIlMjBmcmFtZWJvcmRlciUzRCUyMjAlMjIlMjBzdHlsZSUzRCUyMmJvcmRlciUzQTAlMjIlMjBhbGxvd2Z1bGxzY3JlZW4lM0UlM0MlMkZpZnJhbWUlM0U=&#8221; size=&#8221;&#8221;][\/vc_column][\/vc_row][vc_row][vc_column]<div class=\"boc_divider_holder\"><div class=\"boc_divider  \"  style=\"margin-top: 20px;margin-bottom: 20px;height: 1px;background: #939393;\"><\/div><\/div><div class=\"boc_spacing \" style=\"height: 80px\"><\/div><h2 class=\"boc_heading  center  \"  style=\"margin-bottom: 20px;margin-top: 0px;color: #333;\"><span>Obli\u017enji hoteli<\/span><\/h2>[\/vc_column][\/vc_row][vc_row css=&#8221;.vc_custom_1553870188923{margin-top: 30px !important;margin-bottom: 0px !important;}&#8221;][vc_column width=&#8221;1\/3&#8243; css=&#8221;.vc_custom_1437404465110{padding-bottom: 30px !important;}&#8221;]<div class=\"side_icon_box large  \"><span class=\"icon_feat \" style=\"\"><i class=\"icon icon-users\" style=\"\"><\/i><\/span><h3>Hotel Four Points by Sheraton PANORAMA<\/h3><div class=\"side_icon_box_content\">Trg Kre\u0161imira \u0106osi\u0107a 9 , 10 000 Zagreb<br \/>\n+385 1 \/36 58 333<br \/>\n+385 1 \/36 37 333<br \/>\n<a href=\"http:\/\/www.hotel-fourpointspanorama.com\/\" target=\"_blank\" rel=\"noopener noreferrer\">http:\/\/www.hotel-fourpointspanorama.com\/<\/a><\/div><\/div>[\/vc_column][vc_column width=&#8221;1\/3&#8243; css=&#8221;.vc_custom_1437404470591{padding-bottom: 30px !important;}&#8221;]<div class=\"side_icon_box large  \"><span class=\"icon_feat \" style=\"\"><i class=\"icon icon-users\" style=\"\"><\/i><\/span><h3>Hotel WESTIN<\/h3><div class=\"side_icon_box_content\">Kr\u0161njavoga 1, 10 000 Zagreb<br \/>\n+385 1 \/4892 000<br \/>\n+385 1 \/4892 058<br \/>\n<a href=\"http:\/\/www.westinzagreb.com\/\" target=\"_blank\" rel=\"noopener noreferrer\">http:\/\/www.westinzagreb.com\/<\/a><\/div><\/div>[\/vc_column][vc_column width=&#8221;1\/3&#8243; css=&#8221;.vc_custom_1437404603245{padding-bottom: 30px !important;}&#8221;]<div class=\"side_icon_box large  \"><span class=\"icon_feat \" style=\"\"><i class=\"icon icon-users\" style=\"\"><\/i><\/span><h3>Hotel INTERNATIONAL<\/h3><div class=\"side_icon_box_content\">Miramarska 24, 10 000 Zagreb<br \/>\n+385 1 \/61 08 800<br \/>\n+385 1 \/61 08 400<br \/>\n<a href=\"http:\/\/www.hotel-international.hr\/\" target=\"_blank\" rel=\"noopener noreferrer\">http:\/\/www.hotel-international.hr\/<\/a><\/div><\/div>[\/vc_column][\/vc_row][vc_row css=&#8221;.vc_custom_1553870188923{margin-top: 30px !important;margin-bottom: 0px !important;}&#8221;][vc_column width=&#8221;1\/3&#8243; css=&#8221;.vc_custom_1437404465110{padding-bottom: 30px !important;}&#8221;]<div class=\"side_icon_box large  \"><span class=\"icon_feat \" style=\"\"><i class=\"icon icon-users\" style=\"\"><\/i><\/span><h3>Hotel SHERATON Zagreb<\/h3><div class=\"side_icon_box_content\">Kneza Borne 2, 10 000 Zagreb<br \/>\n+385 1 \/4553 535<br \/>\n<a href=\"http:\/\/www.hotel-sheratonzagreb.com\/%EF%BB%BF\" target=\"_blank\" rel=\"noopener noreferrer\">http:\/\/www.hotel-sheratonzagreb.com\/<\/a><\/div><\/div>[\/vc_column][vc_column width=&#8221;1\/3&#8243; css=&#8221;.vc_custom_1437404470591{padding-bottom: 30px !important;}&#8221;]<div class=\"side_icon_box large  \"><span class=\"icon_feat \" style=\"\"><i class=\"icon icon-users\" style=\"\"><\/i><\/span><h3>The Regent Esplanade, Zagreb<\/h3><div class=\"side_icon_box_content\">Mihanoviceva 1, 10000 Zagreb Croatia<\/p>\n<p>+385 1 45 66 021<br \/>\n+385-(0)1-45 66 666 ; +385 1 38 20 035<br \/>\n<a href=\"http:\/\/www.regenthotels.com\/zagreb-hotel-hr-10000\/zagr1\" target=\"_blank\" rel=\"noopener noreferrer\">http:\/\/www.regenthotels.com\/zagreb-hotel-hr-10000\/zagr1<\/a><\/div><\/div>[\/vc_column][vc_column width=&#8221;1\/3&#8243; css=&#8221;.vc_custom_1437404603245{padding-bottom: 30px !important;}&#8221;]<div class=\"side_icon_box large  \"><span class=\"icon_feat \" style=\"\"><i class=\"icon icon-users\" style=\"\"><\/i><\/span><h3>Hotel LAGUNA Zagreb<\/h3><div class=\"side_icon_box_content\">Kranj\u010devi\u0107eva 29, 10000 Zagreb, Hrvatska<\/p>\n<p>T: +385 1 30 47 000<br \/>\nF: +385 1 30 47 077; +385 1 38 20 035<br \/>\n<a href=\"http:\/\/www.hotel-laguna.hr\/\" target=\"_blank\" rel=\"noopener noreferrer\">http:\/\/www.hotel-laguna.hr<\/a><\/div><\/div>[\/vc_column][\/vc_row]<\/p>\n","protected":false},"excerpt":{"rendered":"<p>[vc_row][vc_column width=&#8221;1\/2&#8243;][vc_column_text] Davor Tarle, dr.med.dent., ordinacija dentalne medicine, Nova Cesta 26 (Dom sportova) 10 000 Zagreb HR tel.: +385 1 36 46 294 , +385 1 36 46 291, mobile: +385 98 234 563 Lokacija: Na\u0161a lokacija na Google mapama Email:\u00a0ordinacija.tarle@gmail.com [\/vc_column_text][\/vc_column][vc_column width=&#8221;1\/2&#8243;][vc_gmaps link=&#8221;#E-8_JTNDaWZyYW1lJTIwc3JjJTNEJTIyaHR0cHMlM0ElMkYlMkZ3d3cuZ29vZ2xlLmNvbSUyRm1hcHMlMkZlbWJlZCUzRnBiJTNEJTIxMW0xNCUyMTFtOCUyMTFtMyUyMTFkMjIyNDkuODkyMzAxMjczNzMyJTIxMmQxNS45NTQxMzYlMjEzZDQ1LjgwNjUyMSUyMTNtMiUyMTFpMTAyNCUyMTJpNzY4JTIxNGYxMy4xJTIxM20zJTIxMW0yJTIxMXMweDQ3NjVkNmMyOWVhYTNhNGQlMjUzQTB4ZTY0ODk1NzIwM2QzNTgxNiUyMTJzTm92YSUyQmNlc3RhJTJCMjYlMjUyQyUyQjEwMDAwJTI1MkMlMkJaYWdyZWIlMjE1ZTAlMjEzbTIlMjExc2VuJTIxMnNociUyMTR2MTU1Mzg2OTI4ODA0MCUyMTVtMiUyMTFzZW4lMjEyc2hyJTIyJTIwd2lkdGglM0QlMjI1MDAlMjIlMjBoZWlnaHQlM0QlMjI1MDAlMjIlMjBmcmFtZWJvcmRlciUzRCUyMjAlMjIlMjBzdHlsZSUzRCUyMmJvcmRlciUzQTAlMjIlMjBhbGxvd2Z1bGxzY3JlZW4lM0UlM0MlMkZpZnJhbWUlM0U=&#8221; size=&#8221;&#8221;][\/vc_column][\/vc_row][vc_row][vc_column][\/vc_column][\/vc_row][vc_row css=&#8221;.vc_custom_1553870188923{margin-top: 30px !important;margin-bottom: 0px !important;}&#8221;][vc_column width=&#8221;1\/3&#8243; css=&#8221;.vc_custom_1437404465110{padding-bottom: 30px !important;}&#8221;][\/vc_column][vc_column width=&#8221;1\/3&#8243; css=&#8221;.vc_custom_1437404470591{padding-bottom: 30px !important;}&#8221;][\/vc_column][vc_column width=&#8221;1\/3&#8243; css=&#8221;.vc_custom_1437404603245{padding-bottom:<\/p>\n<div class=\"h10\"><\/div>\n<p><a class=\"more-link1\" href=\"https:\/\/dentistcroatia.info\/hrv\/kontakt\/\">Read more<\/a><\/p>\n","protected":false},"author":1,"featured_media":0,"parent":0,"menu_order":0,"comment_status":"closed","ping_status":"closed","template":"","meta":[],"_links":{"self":[{"href":"https:\/\/dentistcroatia.info\/hrv\/wp-json\/wp\/v2\/pages\/22586"}],"collection":[{"href":"https:\/\/dentistcroatia.info\/hrv\/wp-json\/wp\/v2\/pages"}],"about":[{"href":"https:\/\/dentistcroatia.info\/hrv\/wp-json\/wp\/v2\/types\/page"}],"author":[{"embeddable":true,"href":"https:\/\/dentistcroatia.info\/hrv\/wp-json\/wp\/v2\/users\/1"}],"replies":[{"embeddable":true,"href":"https:\/\/dentistcroatia.info\/hrv\/wp-json\/wp\/v2\/comments?post=22586"}],"version-history":[{"count":14,"href":"https:\/\/dentistcroatia.info\/hrv\/wp-json\/wp\/v2\/pages\/22586\/revisions"}],"predecessor-version":[{"id":24340,"href":"https:\/\/dentistcroatia.info\/hrv\/wp-json\/wp\/v2\/pages\/22586\/revisions\/24340"}],"wp:attachment":[{"href":"https:\/\/dentistcroatia.info\/hrv\/wp-json\/wp\/v2\/media?parent=22586"}],"curies":[{"name":"wp","href":"https:\/\/api.w.org\/{rel}","templated":true}]}}