{"id":24067,"date":"2019-04-01T14:58:10","date_gmt":"2019-04-01T14:58:10","guid":{"rendered":"https:\/\/dentistcroatia.info\/hrv\/?page_id=24067"},"modified":"2019-04-03T01:38:02","modified_gmt":"2019-04-03T01:38:02","slug":"estetska-restorativna-stomatologija","status":"publish","type":"page","link":"https:\/\/dentistcroatia.info\/hrv\/estetska-restorativna-stomatologija\/","title":{"rendered":"Estetska restorativna stomatologija"},"content":{"rendered":"<p>[vc_row][vc_column]<div class=\"grid_holder mfp_gallery  small_spacing\" id=\"img_gallery_c87f8b75f553a353af67350bee00384e\"><div class=\"col span_1_of_3 info_item isotope_element\">\r\n\t\t\t\t\t\t\t<div class=\"pic \">\t\t\t\r\n\t\t\t\t\t\t\t<a href=\"https:\/\/dentistcroatia.info\/hrv\/wp-content\/uploads\/2019\/04\/estetska.jpg\" class=\"mfp_popup_gal\" title=\"\">\r\n\t\t\t\t\t\t\t\t<img src=\"https:\/\/dentistcroatia.info\/hrv\/wp-content\/uploads\/2019\/04\/estetska.jpg\" alt=\"\" \/>\r\n\t\t\t\t\t\t\t\t<div class='img_overlay'><span class='hover_icon icon_zoom'><\/span><\/div>\r\n\t\t\t\t\t\t\t<\/a>\t<\/div><\/div><\/div>[\/vc_column][\/vc_row][vc_row][vc_column][vc_column_text]Karijes naj\u010de\u0161\u0107e po\u010dinje u jamicama na griznoj povr\u0161ini zubne krune i caklinskoj povr\u0161ini ispod dodira susjednih zubi. U ranoj fazi karijes se jednostavno sanira restorativnim postupcima koji uklju\u010duju \u010di\u0161\u0107enje karijesnog sadr\u017eaja, adhezijski postupak i izradu ispuna. Nastali defekti nadokna\u0111uju se restorativnim materijalima koji posjeduju vrhunska estetska svojstva uz maksimalnu mogu\u0107nost reprodukcije svojstava prirodnih zuba u smislu anatomskih karakteristika i boje zuba. Osim estetskih i fizi\u010dko-kemijskih svojstava ovi materijali su i biokompatibilni.<\/p>\n<p>Ako se karijes ne sanira na vrijeme, vrlo brzo napreduje u dubinu i ugro\u017eava zubnu pulpu. Svi ti \u010dimbenici mogu dovesti do nepovratnog o\u0161te\u0107enja i odumiranja zubne pulpe. Kako bi sa\u010duvali zahva\u0107eni zub u takvim slu\u010dajevima nu\u017eno je provesti endodontski postupak. To je mikrokirur\u0161ki zahvat kojim se odstranjuje o\u0161te\u0107eno pulpno tkivo, a tretirani enododontski prostor ispunjava se odgovaraju\u0107im sredstvima za ispun korijenskih kanala. Kvalitetan endodontski postupak je najva\u017eniji uvjet za uspje\u0161nu poslije-endodontsku rekonstrukciju zuba.[\/vc_column_text][\/vc_column][\/vc_row]<\/p>\n","protected":false},"excerpt":{"rendered":"<p>[vc_row][vc_column][\/vc_column][\/vc_row][vc_row][vc_column][vc_column_text]Karijes naj\u010de\u0161\u0107e po\u010dinje u jamicama na griznoj povr\u0161ini zubne krune i caklinskoj povr\u0161ini ispod dodira susjednih zubi. U ranoj fazi karijes se jednostavno sanira restorativnim postupcima koji uklju\u010duju \u010di\u0161\u0107enje karijesnog sadr\u017eaja, adhezijski postupak i izradu ispuna. Nastali defekti nadokna\u0111uju se restorativnim materijalima koji posjeduju vrhunska estetska svojstva uz maksimalnu mogu\u0107nost reprodukcije svojstava prirodnih zuba u smislu anatomskih karakteristika i boje<\/p>\n<div class=\"h10\"><\/div>\n<p><a class=\"more-link1\" href=\"https:\/\/dentistcroatia.info\/hrv\/estetska-restorativna-stomatologija\/\">Read more<\/a><\/p>\n","protected":false},"author":1,"featured_media":0,"parent":0,"menu_order":0,"comment_status":"closed","ping_status":"closed","template":"","meta":[],"_links":{"self":[{"href":"https:\/\/dentistcroatia.info\/hrv\/wp-json\/wp\/v2\/pages\/24067"}],"collection":[{"href":"https:\/\/dentistcroatia.info\/hrv\/wp-json\/wp\/v2\/pages"}],"about":[{"href":"https:\/\/dentistcroatia.info\/hrv\/wp-json\/wp\/v2\/types\/page"}],"author":[{"embeddable":true,"href":"https:\/\/dentistcroatia.info\/hrv\/wp-json\/wp\/v2\/users\/1"}],"replies":[{"embeddable":true,"href":"https:\/\/dentistcroatia.info\/hrv\/wp-json\/wp\/v2\/comments?post=24067"}],"version-history":[{"count":4,"href":"https:\/\/dentistcroatia.info\/hrv\/wp-json\/wp\/v2\/pages\/24067\/revisions"}],"predecessor-version":[{"id":24261,"href":"https:\/\/dentistcroatia.info\/hrv\/wp-json\/wp\/v2\/pages\/24067\/revisions\/24261"}],"wp:attachment":[{"href":"https:\/\/dentistcroatia.info\/hrv\/wp-json\/wp\/v2\/media?parent=24067"}],"curies":[{"name":"wp","href":"https:\/\/api.w.org\/{rel}","templated":true}]}}