{"id":24076,"date":"2019-04-01T16:50:48","date_gmt":"2019-04-01T16:50:48","guid":{"rendered":"https:\/\/dentistcroatia.info\/hrv\/?page_id=24076"},"modified":"2019-04-05T08:48:02","modified_gmt":"2019-04-05T08:48:02","slug":"ljuskice","status":"publish","type":"page","link":"https:\/\/dentistcroatia.info\/hrv\/ljuskice\/","title":{"rendered":"Ljuskice"},"content":{"rendered":"<p>[vc_row][vc_column]<div class=\"grid_holder mfp_gallery  small_spacing\" id=\"img_gallery_bb0ac5e6482fec9f4a3c58ec6d9aa8db\"><div class=\"col span_1_of_2 info_item isotope_element\">\r\n\t\t\t\t\t\t\t<div class=\"pic \">\t\t\t\r\n\t\t\t\t\t\t\t<a href=\"https:\/\/dentistcroatia.info\/hrv\/wp-content\/uploads\/2019\/04\/ljuskice-01.jpg\" class=\"mfp_popup_gal\" title=\"\">\r\n\t\t\t\t\t\t\t\t<img src=\"https:\/\/dentistcroatia.info\/hrv\/wp-content\/uploads\/2019\/04\/ljuskice-01.jpg\" alt=\"\" \/>\r\n\t\t\t\t\t\t\t\t<div class='img_overlay'><span class='hover_icon icon_zoom'><\/span><\/div>\r\n\t\t\t\t\t\t\t<\/a>\t<\/div><\/div><div class=\"col span_1_of_2 info_item isotope_element\">\r\n\t\t\t\t\t\t\t<div class=\"pic \">\t\t\t\r\n\t\t\t\t\t\t\t<a href=\"https:\/\/dentistcroatia.info\/hrv\/wp-content\/uploads\/2019\/04\/ljuskice-02.jpg\" class=\"mfp_popup_gal\" title=\"\">\r\n\t\t\t\t\t\t\t\t<img src=\"https:\/\/dentistcroatia.info\/hrv\/wp-content\/uploads\/2019\/04\/ljuskice-02.jpg\" alt=\"\" \/>\r\n\t\t\t\t\t\t\t\t<div class='img_overlay'><span class='hover_icon icon_zoom'><\/span><\/div>\r\n\t\t\t\t\t\t\t<\/a>\t<\/div><\/div><\/div>[\/vc_column][\/vc_row][vc_row][vc_column][vc_column_text]Suvremeni na\u010din \u017eivota stavlja estetiku visoko na listu prioriteta, a lijep osmjeh je jedna od prvih stvari koje primje\u0107ujemo. Zubi mogu biti zdravi pa ipak mo\u017eemo biti nezadovoljni njihovom bojom, oblikom ili polo\u017eajem. Ako problem obuhva\u0107a boju, oblik i polo\u017eaj, onda je najjednostavnije i najbr\u017ee rje\u0161enje izrada kerami\u010dkih ljuskica! To je zahvat kod kojega minimalno preoblikujemo Va\u0161e zube i izradimo vrlo tanke ljuskice koje se adhezijski pri\u010dvr\u0161\u0107uju za prednju povr\u0161inu zuba.<\/p>\n<p>Ljuskice su otporne na promjene boje. mogu zatvarati prostore izme\u0111u zubi (diastema), slu\u017ee za korekciju boje i pigmentacija, slu\u017ee za preoblikovanje nepravilnih, premalih ili prevelikih zuba te korekciju otkrhnutih zuba. Velika prednost ljuskica je ta \u0161to uz minimalno bru\u0161enje, zahvaljuju\u0107i vrhunskim fizi\u010dkim i estetskim svojstvima, \u010dine izgled zuba prirodnim..<\/p>\n<p><strong>Prednosti ljuskica:<\/strong><\/p>\n<p>&#8211; maksimalna \u0161tednja zdravog zubnog tkiva<br \/>\n&#8211; odr\u017eavanje prirodnog oblika tretiranih zuba nosa\u010da<br \/>\n&#8211; intaktnost rubnih odnosa[\/vc_column_text][\/vc_column][\/vc_row]<\/p>\n","protected":false},"excerpt":{"rendered":"<p>[vc_row][vc_column][\/vc_column][\/vc_row][vc_row][vc_column][vc_column_text]Suvremeni na\u010din \u017eivota stavlja estetiku visoko na listu prioriteta, a lijep osmjeh je jedna od prvih stvari koje primje\u0107ujemo. Zubi mogu biti zdravi pa ipak mo\u017eemo biti nezadovoljni njihovom bojom, oblikom ili polo\u017eajem. Ako problem obuhva\u0107a boju, oblik i polo\u017eaj, onda je najjednostavnije i najbr\u017ee rje\u0161enje izrada kerami\u010dkih ljuskica! To je zahvat kod kojega minimalno preoblikujemo Va\u0161e zube i izradimo<\/p>\n<div class=\"h10\"><\/div>\n<p><a class=\"more-link1\" href=\"https:\/\/dentistcroatia.info\/hrv\/ljuskice\/\">Read more<\/a><\/p>\n","protected":false},"author":1,"featured_media":0,"parent":0,"menu_order":0,"comment_status":"closed","ping_status":"closed","template":"","meta":[],"_links":{"self":[{"href":"https:\/\/dentistcroatia.info\/hrv\/wp-json\/wp\/v2\/pages\/24076"}],"collection":[{"href":"https:\/\/dentistcroatia.info\/hrv\/wp-json\/wp\/v2\/pages"}],"about":[{"href":"https:\/\/dentistcroatia.info\/hrv\/wp-json\/wp\/v2\/types\/page"}],"author":[{"embeddable":true,"href":"https:\/\/dentistcroatia.info\/hrv\/wp-json\/wp\/v2\/users\/1"}],"replies":[{"embeddable":true,"href":"https:\/\/dentistcroatia.info\/hrv\/wp-json\/wp\/v2\/comments?post=24076"}],"version-history":[{"count":7,"href":"https:\/\/dentistcroatia.info\/hrv\/wp-json\/wp\/v2\/pages\/24076\/revisions"}],"predecessor-version":[{"id":24333,"href":"https:\/\/dentistcroatia.info\/hrv\/wp-json\/wp\/v2\/pages\/24076\/revisions\/24333"}],"wp:attachment":[{"href":"https:\/\/dentistcroatia.info\/hrv\/wp-json\/wp\/v2\/media?parent=24076"}],"curies":[{"name":"wp","href":"https:\/\/api.w.org\/{rel}","templated":true}]}}