{"id":24079,"date":"2019-04-01T16:53:09","date_gmt":"2019-04-01T16:53:09","guid":{"rendered":"https:\/\/dentistcroatia.info\/hrv\/?page_id=24079"},"modified":"2019-04-05T05:25:05","modified_gmt":"2019-04-05T05:25:05","slug":"cirkonske-i-keramicke-krunice-i-mostovi","status":"publish","type":"page","link":"https:\/\/dentistcroatia.info\/hrv\/cirkonske-i-keramicke-krunice-i-mostovi\/","title":{"rendered":"Cirkonske i kerami\u010dke krunice i mostovi"},"content":{"rendered":"<p>[vc_row][vc_column]<div class=\"grid_holder mfp_gallery  small_spacing\" id=\"img_gallery_1b6a17ce304c443522829d7668fb494d\"><div class=\"col span_1_of_3 info_item isotope_element\">\r\n\t\t\t\t\t\t\t<div class=\"pic \">\t\t\t\r\n\t\t\t\t\t\t\t<a href=\"https:\/\/dentistcroatia.info\/hrv\/wp-content\/uploads\/2019\/04\/cirkonske-01.jpg\" class=\"mfp_popup_gal\" title=\"\">\r\n\t\t\t\t\t\t\t\t<img src=\"https:\/\/dentistcroatia.info\/hrv\/wp-content\/uploads\/2019\/04\/cirkonske-01.jpg\" alt=\"\" \/>\r\n\t\t\t\t\t\t\t\t<div class='img_overlay'><span class='hover_icon icon_zoom'><\/span><\/div>\r\n\t\t\t\t\t\t\t<\/a>\t<\/div><\/div><div class=\"col span_1_of_3 info_item isotope_element\">\r\n\t\t\t\t\t\t\t<div class=\"pic \">\t\t\t\r\n\t\t\t\t\t\t\t<a href=\"https:\/\/dentistcroatia.info\/hrv\/wp-content\/uploads\/2019\/04\/cirkonske-02.jpg\" class=\"mfp_popup_gal\" title=\"\">\r\n\t\t\t\t\t\t\t\t<img src=\"https:\/\/dentistcroatia.info\/hrv\/wp-content\/uploads\/2019\/04\/cirkonske-02.jpg\" alt=\"\" \/>\r\n\t\t\t\t\t\t\t\t<div class='img_overlay'><span class='hover_icon icon_zoom'><\/span><\/div>\r\n\t\t\t\t\t\t\t<\/a>\t<\/div><\/div><div class=\"col span_1_of_3 info_item isotope_element\">\r\n\t\t\t\t\t\t\t<div class=\"pic \">\t\t\t\r\n\t\t\t\t\t\t\t<a href=\"https:\/\/dentistcroatia.info\/hrv\/wp-content\/uploads\/2019\/04\/cirkonske-03.jpg\" class=\"mfp_popup_gal\" title=\"\">\r\n\t\t\t\t\t\t\t\t<img src=\"https:\/\/dentistcroatia.info\/hrv\/wp-content\/uploads\/2019\/04\/cirkonske-03.jpg\" alt=\"\" \/>\r\n\t\t\t\t\t\t\t\t<div class='img_overlay'><span class='hover_icon icon_zoom'><\/span><\/div>\r\n\t\t\t\t\t\t\t<\/a>\t<\/div><\/div><\/div>[\/vc_column][\/vc_row][vc_row][vc_column][vc_column_text]Kod nevitalnih zuba koristimo potpunu keramiku i cirkon (bez metalnog skeleta). Potpunom keramikom ili cirkonom izra\u0111ujemo pojedina\u010dnekrunice ili cijele mostove.<br \/>\nOna nam omogu\u0107uje postizanje vrhunske estetike i funkcije te za\u0161titu nevitalnog zuba od mogu\u0107ih lomova.<\/p>\n<p>Prednosti:<\/p>\n<p>\u2013 besprijekorna estetika i prirodni izgled<br \/>\n\u2013 transparentnost i translucentnost<br \/>\n\u2013 stabilnost boje i otpornost na tro\u0161enje<br \/>\n\u2013 lako odr\u017eavanje<br \/>\n\u2013 ugodna za pacijenta[\/vc_column_text][\/vc_column][\/vc_row]<\/p>\n","protected":false},"excerpt":{"rendered":"<p>[vc_row][vc_column][\/vc_column][\/vc_row][vc_row][vc_column][vc_column_text]Kod nevitalnih zuba koristimo potpunu keramiku i cirkon (bez metalnog skeleta). Potpunom keramikom ili cirkonom izra\u0111ujemo pojedina\u010dnekrunice ili cijele mostove. Ona nam omogu\u0107uje postizanje vrhunske estetike i funkcije te za\u0161titu nevitalnog zuba od mogu\u0107ih lomova. Prednosti: \u2013 besprijekorna estetika i prirodni izgled \u2013 transparentnost i translucentnost \u2013 stabilnost boje i otpornost na tro\u0161enje \u2013 lako odr\u017eavanje \u2013 ugodna za pacijenta[\/vc_column_text][\/vc_column][\/vc_row]<\/p>\n","protected":false},"author":1,"featured_media":0,"parent":0,"menu_order":0,"comment_status":"closed","ping_status":"closed","template":"","meta":[],"_links":{"self":[{"href":"https:\/\/dentistcroatia.info\/hrv\/wp-json\/wp\/v2\/pages\/24079"}],"collection":[{"href":"https:\/\/dentistcroatia.info\/hrv\/wp-json\/wp\/v2\/pages"}],"about":[{"href":"https:\/\/dentistcroatia.info\/hrv\/wp-json\/wp\/v2\/types\/page"}],"author":[{"embeddable":true,"href":"https:\/\/dentistcroatia.info\/hrv\/wp-json\/wp\/v2\/users\/1"}],"replies":[{"embeddable":true,"href":"https:\/\/dentistcroatia.info\/hrv\/wp-json\/wp\/v2\/comments?post=24079"}],"version-history":[{"count":8,"href":"https:\/\/dentistcroatia.info\/hrv\/wp-json\/wp\/v2\/pages\/24079\/revisions"}],"predecessor-version":[{"id":24329,"href":"https:\/\/dentistcroatia.info\/hrv\/wp-json\/wp\/v2\/pages\/24079\/revisions\/24329"}],"wp:attachment":[{"href":"https:\/\/dentistcroatia.info\/hrv\/wp-json\/wp\/v2\/media?parent=24079"}],"curies":[{"name":"wp","href":"https:\/\/api.w.org\/{rel}","templated":true}]}}