{"id":24082,"date":"2019-04-01T16:55:10","date_gmt":"2019-04-01T16:55:10","guid":{"rendered":"https:\/\/dentistcroatia.info\/hrv\/?page_id=24082"},"modified":"2019-04-03T01:49:55","modified_gmt":"2019-04-03T01:49:55","slug":"izbjeljivanje","status":"publish","type":"page","link":"https:\/\/dentistcroatia.info\/hrv\/izbjeljivanje\/","title":{"rendered":"Izbjeljivanje"},"content":{"rendered":"<p>[vc_row][vc_column]<div class=\"grid_holder mfp_gallery  small_spacing\" id=\"img_gallery_889d143902b09e358c71f9df45987842\"><div class=\"col span_1_of_4 info_item isotope_element\">\r\n\t\t\t\t\t\t\t<div class=\"pic \">\t\t\t\r\n\t\t\t\t\t\t\t<a href=\"https:\/\/dentistcroatia.info\/hrv\/wp-content\/uploads\/2019\/04\/izbjeljivanje-01.jpg\" class=\"mfp_popup_gal\" title=\"\">\r\n\t\t\t\t\t\t\t\t<img src=\"https:\/\/dentistcroatia.info\/hrv\/wp-content\/uploads\/2019\/04\/izbjeljivanje-01.jpg\" alt=\"\" \/>\r\n\t\t\t\t\t\t\t\t<div class='img_overlay'><span class='hover_icon icon_zoom'><\/span><\/div>\r\n\t\t\t\t\t\t\t<\/a>\t<\/div><\/div><div class=\"col span_1_of_4 info_item isotope_element\">\r\n\t\t\t\t\t\t\t<div class=\"pic \">\t\t\t\r\n\t\t\t\t\t\t\t<a href=\"https:\/\/dentistcroatia.info\/hrv\/wp-content\/uploads\/2019\/04\/izbjeljivanje-02.jpg\" class=\"mfp_popup_gal\" title=\"\">\r\n\t\t\t\t\t\t\t\t<img src=\"https:\/\/dentistcroatia.info\/hrv\/wp-content\/uploads\/2019\/04\/izbjeljivanje-02.jpg\" alt=\"\" \/>\r\n\t\t\t\t\t\t\t\t<div class='img_overlay'><span class='hover_icon icon_zoom'><\/span><\/div>\r\n\t\t\t\t\t\t\t<\/a>\t<\/div><\/div><div class=\"col span_1_of_4 info_item isotope_element\">\r\n\t\t\t\t\t\t\t<div class=\"pic \">\t\t\t\r\n\t\t\t\t\t\t\t<a href=\"https:\/\/dentistcroatia.info\/hrv\/wp-content\/uploads\/2019\/04\/izbjeljivanje-03.jpg\" class=\"mfp_popup_gal\" title=\"\">\r\n\t\t\t\t\t\t\t\t<img src=\"https:\/\/dentistcroatia.info\/hrv\/wp-content\/uploads\/2019\/04\/izbjeljivanje-03.jpg\" alt=\"\" \/>\r\n\t\t\t\t\t\t\t\t<div class='img_overlay'><span class='hover_icon icon_zoom'><\/span><\/div>\r\n\t\t\t\t\t\t\t<\/a>\t<\/div><\/div><\/div>[\/vc_column][\/vc_row][vc_row][vc_column][vc_column_text]Osmijeh je jedna od prvih stvari koju primje\u0107ujemo na \u010dovjeku, a prekrasni bijeli zubi uvelike pridonose tome.<\/p>\n<p>Jeste li primijetili da su Vam zubi potamnili u zadnje vrijeme?<\/p>\n<p>Indikacije za izbjeljivanje zubi su brojne: prirodno tamni zubi, starenje, na\u010din \u017eivota i svakodnevne navike (kava, \u010daj, cigarete, obojeni napitci) i neki genetski nedostaci mogu biti razlog za izbjeljivanje zubi. Danas postoji nekoliko postupaka koji se mogu preporu\u010diti jer su vrlo u\u010dinkoviti i sigurni. Prednost dajemo profesionalnom izbjeljivanju zubi zbog toga \u0161to su:<\/p>\n<p>&#8211; ne\u0161kodljivi za Va\u0161e zube<br \/>\n&#8211; u\u010dinkoviti<br \/>\n&#8211; izvedivi u samo jednoj posjeti<br \/>\n&#8211; u\u010dinci su dugotrajni<\/p>\n<p>Profesionalni sustav za izbjeljivanje \u02ddZoom!\u02dd, u samo jednoj posjeti, vra\u0107a bjelinu zubima, a pacijentima osmijeh na lice.[\/vc_column_text][\/vc_column][\/vc_row]<\/p>\n","protected":false},"excerpt":{"rendered":"<p>[vc_row][vc_column][\/vc_column][\/vc_row][vc_row][vc_column][vc_column_text]Osmijeh je jedna od prvih stvari koju primje\u0107ujemo na \u010dovjeku, a prekrasni bijeli zubi uvelike pridonose tome. Jeste li primijetili da su Vam zubi potamnili u zadnje vrijeme? Indikacije za izbjeljivanje zubi su brojne: prirodno tamni zubi, starenje, na\u010din \u017eivota i svakodnevne navike (kava, \u010daj, cigarete, obojeni napitci) i neki genetski nedostaci mogu biti razlog za izbjeljivanje zubi. Danas postoji<\/p>\n<div class=\"h10\"><\/div>\n<p><a class=\"more-link1\" href=\"https:\/\/dentistcroatia.info\/hrv\/izbjeljivanje\/\">Read more<\/a><\/p>\n","protected":false},"author":1,"featured_media":0,"parent":0,"menu_order":0,"comment_status":"closed","ping_status":"closed","template":"","meta":[],"_links":{"self":[{"href":"https:\/\/dentistcroatia.info\/hrv\/wp-json\/wp\/v2\/pages\/24082"}],"collection":[{"href":"https:\/\/dentistcroatia.info\/hrv\/wp-json\/wp\/v2\/pages"}],"about":[{"href":"https:\/\/dentistcroatia.info\/hrv\/wp-json\/wp\/v2\/types\/page"}],"author":[{"embeddable":true,"href":"https:\/\/dentistcroatia.info\/hrv\/wp-json\/wp\/v2\/users\/1"}],"replies":[{"embeddable":true,"href":"https:\/\/dentistcroatia.info\/hrv\/wp-json\/wp\/v2\/comments?post=24082"}],"version-history":[{"count":4,"href":"https:\/\/dentistcroatia.info\/hrv\/wp-json\/wp\/v2\/pages\/24082\/revisions"}],"predecessor-version":[{"id":24270,"href":"https:\/\/dentistcroatia.info\/hrv\/wp-json\/wp\/v2\/pages\/24082\/revisions\/24270"}],"wp:attachment":[{"href":"https:\/\/dentistcroatia.info\/hrv\/wp-json\/wp\/v2\/media?parent=24082"}],"curies":[{"name":"wp","href":"https:\/\/api.w.org\/{rel}","templated":true}]}}