{"id":24127,"date":"2019-04-02T11:44:01","date_gmt":"2019-04-02T11:44:01","guid":{"rendered":"https:\/\/dentistcroatia.info\/hrv\/?page_id=24127"},"modified":"2019-04-03T02:02:15","modified_gmt":"2019-04-03T02:02:15","slug":"parodontologija","status":"publish","type":"page","link":"https:\/\/dentistcroatia.info\/hrv\/parodontologija\/","title":{"rendered":"Parodontologija"},"content":{"rendered":"<p>[vc_row][vc_column]<div class=\"grid_holder mfp_gallery  small_spacing\" id=\"img_gallery_ed28d79244633941c2deea505a8f4b0e\"><div class=\"col span_1_of_3 info_item isotope_element\">\r\n\t\t\t\t\t\t\t<div class=\"pic \">\t\t\t\r\n\t\t\t\t\t\t\t<a href=\"\" class=\"mfp_popup_gal\" title=\"\">\r\n\t\t\t\t\t\t\t\t<img src=\"\" alt=\"\" \/>\r\n\t\t\t\t\t\t\t\t<div class='img_overlay'><span class='hover_icon icon_zoom'><\/span><\/div>\r\n\t\t\t\t\t\t\t<\/a>\t<\/div><\/div><\/div>[\/vc_column][\/vc_row][vc_row][vc_column][vc_column_text]Parodontologija je grana stomatologije koja se bavi lije\u010denjem bolesti parodonta ili potpornog aparata zuba.<\/p>\n<p><strong>Faktori koji utje\u010du na nastanak parodontne bolesti:<\/strong><\/p>\n<p>&#8211; lo\u0161a oralna higijena<br \/>\n&#8211; nepravilno \u010detkanje<br \/>\n&#8211; odstoje\u0107i ispuni i nepravilni kontakt izme\u0111u zubi<br \/>\n&#8211; neadekvatno zbrinjavanje slobodnih prostora nakon va\u0111enja zuba<br \/>\n&#8211; meke i tvrde naslage na zubima (kamenac)<br \/>\n&#8211; nepravilni okluzijski odnosi<br \/>\n&#8211; neprikladne navike (alkohol, pu\u0161enje, grickanje tvrdih predmeta, pu\u0161enje lule itd )<br \/>\n&#8211; genetski faktori<\/p>\n<p>Preventivni postupci i redoviti kontrolni pregledi imaju za svrhu sprje\u010davanje nastanka parodontne bolesti, a nakon uspje\u0161no provedene parodontolo\u0161ke terapije ovi postupci slu\u017ee odr\u017eavanju oralnog zdravlja.[\/vc_column_text][\/vc_column][\/vc_row]<\/p>\n","protected":false},"excerpt":{"rendered":"<p>[vc_row][vc_column][\/vc_column][\/vc_row][vc_row][vc_column][vc_column_text]Parodontologija je grana stomatologije koja se bavi lije\u010denjem bolesti parodonta ili potpornog aparata zuba. Faktori koji utje\u010du na nastanak parodontne bolesti: &#8211; lo\u0161a oralna higijena &#8211; nepravilno \u010detkanje &#8211; odstoje\u0107i ispuni i nepravilni kontakt izme\u0111u zubi &#8211; neadekvatno zbrinjavanje slobodnih prostora nakon va\u0111enja zuba &#8211; meke i tvrde naslage na zubima (kamenac) &#8211; nepravilni okluzijski odnosi &#8211; neprikladne navike (alkohol,<\/p>\n<div class=\"h10\"><\/div>\n<p><a class=\"more-link1\" href=\"https:\/\/dentistcroatia.info\/hrv\/parodontologija\/\">Read more<\/a><\/p>\n","protected":false},"author":1,"featured_media":0,"parent":0,"menu_order":0,"comment_status":"closed","ping_status":"closed","template":"","meta":[],"_links":{"self":[{"href":"https:\/\/dentistcroatia.info\/hrv\/wp-json\/wp\/v2\/pages\/24127"}],"collection":[{"href":"https:\/\/dentistcroatia.info\/hrv\/wp-json\/wp\/v2\/pages"}],"about":[{"href":"https:\/\/dentistcroatia.info\/hrv\/wp-json\/wp\/v2\/types\/page"}],"author":[{"embeddable":true,"href":"https:\/\/dentistcroatia.info\/hrv\/wp-json\/wp\/v2\/users\/1"}],"replies":[{"embeddable":true,"href":"https:\/\/dentistcroatia.info\/hrv\/wp-json\/wp\/v2\/comments?post=24127"}],"version-history":[{"count":2,"href":"https:\/\/dentistcroatia.info\/hrv\/wp-json\/wp\/v2\/pages\/24127\/revisions"}],"predecessor-version":[{"id":24277,"href":"https:\/\/dentistcroatia.info\/hrv\/wp-json\/wp\/v2\/pages\/24127\/revisions\/24277"}],"wp:attachment":[{"href":"https:\/\/dentistcroatia.info\/hrv\/wp-json\/wp\/v2\/media?parent=24127"}],"curies":[{"name":"wp","href":"https:\/\/api.w.org\/{rel}","templated":true}]}}